{"id":770,"date":"2019-11-30T18:36:21","date_gmt":"2019-11-30T17:36:21","guid":{"rendered":"https:\/\/www.memeticdesign.de\/?page_id=770"},"modified":"2025-04-02T12:33:34","modified_gmt":"2025-04-02T11:33:34","slug":"rokoko-in-sanssouci","status":"publish","type":"page","link":"https:\/\/www.memeticdesign.de\/?page_id=770","title":{"rendered":"Rokoko in Sanssouci"},"content":{"rendered":"\n<div class=\"wp-block-group has-global-padding is-layout-constrained wp-block-group-is-layout-constrained\">\n<p class=\"has-text-align-right invisiblelink has-text-color has-link-color has-small-font-size wp-elements-2034a0c74c3c7a66297d4d60c8cfd90c\" style=\"color:#55687a\"><img loading=\"lazy\" decoding=\"async\" width=\"12\" height=\"12\" class=\"wp-image-1237\" style=\"width: 12px;\" src=\"http:\/\/localhost\/wp-content\/uploads\/dreieck.png\" alt=\"\"> <a href=\"https:\/\/www.memeticdesign.de?page_id=688\" data-type=\"page\" data-id=\"688\">Weitere Apps<\/a><\/p>\n<\/div>\n\n\n\n<div class=\"wp-block-group has-global-padding is-layout-constrained wp-block-group-is-layout-constrained\">\n<div class=\"wp-block-columns rounded-block-overflow has-background is-layout-flex wp-container-core-columns-is-layout-1 wp-block-columns-is-layout-flex\" style=\"border-radius:20px;background-color:#0c0c0c;padding-top:0;padding-right:0;padding-bottom:0;padding-left:0\">\n<div class=\"wp-block-column is-layout-flow wp-container-core-column-is-layout-1 wp-block-column-is-layout-flow\" style=\"padding-top:0;padding-right:0;padding-bottom:0;padding-left:0\">\n<div class=\"wp-block-group has-global-padding is-layout-constrained wp-block-group-is-layout-constrained\">\n<figure class=\"wp-block-image size-large is-style-default\"><a href=\"http:\/\/localhost\/wp-content\/uploads\/sanssouci.png\"><img decoding=\"async\" src=\"https:\/\/www.memeticdesign.de\/wp-content\/uploads\/sanssouci.png\" alt=\"\"\/><\/a><\/figure>\n<\/div>\n<\/div>\n\n\n\n<div class=\"wp-block-column is-layout-flow wp-block-column-is-layout-flow\" style=\"padding-top:var(--wp--preset--spacing--30);padding-right:var(--wp--preset--spacing--30);padding-bottom:var(--wp--preset--spacing--30);padding-left:var(--wp--preset--spacing--30)\">\n<div class=\"wp-block-group is-vertical is-content-justification-left is-layout-flex wp-container-core-group-is-layout-4 wp-block-group-is-layout-flex\">\n<div class=\"wp-block-group has-global-padding is-layout-constrained wp-block-group-is-layout-constrained\">\n<p class=\"has-text-color has-link-color has-small-font-size wp-elements-068537c59cbaffbc3057b25eb68eb25d\" style=\"color:#dfdfdf\">Das Schloss Sanssouci und seine Parkanlage sind ein beliebtes Ausflugsziel f\u00fcr Besucher Potsdams und der deutschen Hauptstadt. Wenn Sie Park Sanssouci besuchen und mehr \u00fcber seine Architektur erfahren wollen, dann k\u00f6nnte Sie diese App interessieren. Lernen Sie typische Bauelemente der Architektur des Rokoko kennen, wie sie im Ensemble der Schlossanlage verwendet werden.<\/p>\n<\/div>\n<\/div>\n<\/div>\n<\/div>\n<\/div>\n\n\n\n<div class=\"wp-block-columns is-layout-flex wp-container-core-columns-is-layout-2 wp-block-columns-is-layout-flex\">\n<div class=\"wp-block-column is-layout-flow wp-block-column-is-layout-flow\">\n<div class=\"wp-block-group has-global-padding is-layout-constrained wp-container-core-group-is-layout-6 wp-block-group-is-layout-constrained\" style=\"min-height:0px;margin-top:0;margin-bottom:0;padding-top:0;padding-right:0;padding-bottom:0;padding-left:0\">\n<figure class=\"wp-block-image aligncenter size-large is-resized\"><img decoding=\"async\" src=\"https:\/\/www.memeticdesign.de\/wp-content\/uploads\/qrcontact.png\" alt=\"\" style=\"width:auto;height:120px\"\/><\/figure>\n<\/div>\n<\/div>\n\n\n\n<div class=\"wp-block-column is-vertically-aligned-center is-layout-flow wp-block-column-is-layout-flow\">\n<figure class=\"wp-block-image aligncenter size-large is-resized\"><a href=\"https:\/\/play.google.com\/store\/apps\/details?id=de.memeticdesign.sanssouci.android\"><img decoding=\"async\" src=\"https:\/\/www.memeticdesign.de\/wp-content\/uploads\/google_play_2.png\" alt=\"\" style=\"width:222px;height:auto\"\/><\/a><\/figure>\n<\/div>\n<\/div>\n","protected":false},"excerpt":{"rendered":"<p>Weitere Apps Das Schloss Sanssouci und seine Parkanlage sind ein beliebtes Ausflugsziel f\u00fcr Besucher Potsdams und der deutschen Hauptstadt. Wenn Sie Park Sanssouci besuchen und mehr \u00fcber seine Architektur erfahren wollen, dann k\u00f6nnte Sie diese App interessieren. Lernen Sie typische Bauelemente der Architektur des Rokoko kennen, wie sie im Ensemble der Schlossanlage verwendet werden.<\/p>\n","protected":false},"author":1,"featured_media":0,"parent":280,"menu_order":0,"comment_status":"closed","ping_status":"closed","template":"wp-custom-template-md-pages","meta":{"footnotes":""},"class_list":["post-770","page","type-page","status-publish","hentry"],"_links":{"self":[{"href":"https:\/\/www.memeticdesign.de\/index.php?rest_route=\/wp\/v2\/pages\/770","targetHints":{"allow":["GET"]}}],"collection":[{"href":"https:\/\/www.memeticdesign.de\/index.php?rest_route=\/wp\/v2\/pages"}],"about":[{"href":"https:\/\/www.memeticdesign.de\/index.php?rest_route=\/wp\/v2\/types\/page"}],"author":[{"embeddable":true,"href":"https:\/\/www.memeticdesign.de\/index.php?rest_route=\/wp\/v2\/users\/1"}],"replies":[{"embeddable":true,"href":"https:\/\/www.memeticdesign.de\/index.php?rest_route=%2Fwp%2Fv2%2Fcomments&post=770"}],"version-history":[{"count":93,"href":"https:\/\/www.memeticdesign.de\/index.php?rest_route=\/wp\/v2\/pages\/770\/revisions"}],"predecessor-version":[{"id":1350,"href":"https:\/\/www.memeticdesign.de\/index.php?rest_route=\/wp\/v2\/pages\/770\/revisions\/1350"}],"up":[{"embeddable":true,"href":"https:\/\/www.memeticdesign.de\/index.php?rest_route=\/wp\/v2\/pages\/280"}],"wp:attachment":[{"href":"https:\/\/www.memeticdesign.de\/index.php?rest_route=%2Fwp%2Fv2%2Fmedia&parent=770"}],"curies":[{"name":"wp","href":"https:\/\/api.w.org\/{rel}","templated":true}]}}