{"id":681,"date":"2019-11-22T20:05:00","date_gmt":"2019-11-22T19:05:00","guid":{"rendered":"https:\/\/www.memeticdesign.de\/?page_id=681"},"modified":"2026-01-10T19:27:26","modified_gmt":"2026-01-10T18:27:26","slug":"datenschutz","status":"publish","type":"page","link":"https:\/\/www.memeticdesign.de\/?page_id=681","title":{"rendered":"Datenschutz"},"content":{"rendered":"\n<h3 class=\"wp-block-heading\">DSGVO: Wir sch\u00fctzen Ihre Daten!<\/h3>\n\n\n\n<div style=\"height:7px\" aria-hidden=\"true\" class=\"wp-block-spacer\"><\/div>\n\n\n\n<p class=\"is-style-default has-custom-memetic-color has-text-color has-link-color has-medium-font-size wp-elements-4cb5357d8ac9244fd62aaa9a55d6d475\">Betreiber der Seite<\/p>\n\n\n\n<p class=\"has-small-font-size\">memeticdesign<br>Roland Pr\u00e4hofer<br>Hindenburgdamm 57D (GH,li.)<br>12203 Berlin<br>\u00a9 Roland Pr\u00e4hofer 2019<\/p>\n\n\n\n<p class=\"has-custom-memetic-color has-text-color has-link-color has-medium-font-size wp-elements-87a0570a770787ddcf119661d0791cf9\">Datenschutz<\/p>\n\n\n\n<p class=\"has-small-font-size\">Wir haben diese Datenschutzerkl\u00e4rung (Fassung 11.07.2019-0001) verfasst, um Ihnen gem\u00e4\u00df der Vorgaben der Datenschutz-Grundverordnung (EU) 2016\/679 zu erkl\u00e4ren, welche Informationen wir sammeln, wie wir Daten verwenden und welche Entscheidungsm\u00f6glichkeiten Sie als Besucher dieser Webseite bzw. der App haben.<\/p>\n\n\n\n<p class=\"has-custom-memetic-color has-text-color has-link-color has-medium-font-size wp-elements-5f6fce1d15615fcb858c9f396718150d\">Google AdSense Datenschutzerkl\u00e4rung<\/p>\n\n\n\n<p class=\"has-small-font-size\">Wir verwenden auf diese Webseite Google AdSense, dem Anzeigenprogramm der Firma Google Inc. (1600 Amphitheatre Parkway Mountain View, CA 94043, USA).<br><br>Dabei werden Daten zu den angezeigten Werbemitteln und Ihre IP-Adresse m\u00f6glicherweise an Server in die USA \u00fcbermittelt und dort ausgewertet.<br><br>In AdSense sollen Cookies bessere Werbung erm\u00f6glichen, die Cookies enthalten keine personalisierten Daten. Google AdSense sendet nach jeder Impression, jedem Klick und jeder anderen Aktivit\u00e4t, die zu einem Aufruf der Google Adsense-Server f\u00fchrt, ein Cookie an den Browser. Wenn der Browser das Cookie akzeptiert, wird es dort gespeichert.<br><br>Drittanbieter k\u00f6nnen im Rahmen von AdSense unter Umst\u00e4nden Cookies in Ihrem Browser platzieren und auslesen bzw. Web-Beacons verwenden, um Daten zu speichern, die sie durch die Anzeigenbereitstellung auf der Website erhalten. Web Beacons sind kleine Grafiken, die eine Logdatei-Aufzeichnung und eine Logdateianalyse erm\u00f6glichen, die f\u00fcr statistische Auswertungen f\u00fcr das Online-Marketing verwendet werden.<\/p>\n\n\n\n<p class=\"has-custom-memetic-color has-text-color has-link-color has-medium-font-size wp-elements-a602f1656d89c65f4ad0a0d57507fe03\">Cookies deaktivieren<\/p>\n\n\n\n<p class=\"has-small-font-size\">Sie k\u00f6nnen jederzeit Cookies, die sich bereits auf Ihrem Computer befinden, l\u00f6schen oder Cookies deaktivieren. Die Vorgangsweise dazu ist nach Browser unterschiedlich, am besten Sie suchen die Anleitung in Google mit dem Suchbegriff \u201ccookies l\u00f6schen chrome\u201d oder \u201ccookies deaktivieren chrome\u201d im Falle eines Chrome Browsers oder tauschen das Wort \u201cchrome\u201d gegen den Namen Ihres Browsers, z. B. edge, firefox, safari aus.<br><br>Wenn Sie uns generell nicht gestatten, Cookies zu nutzen, d.h. diese per Browsereinstellung deaktivieren, k\u00f6nnen manche Funktionen und Seiten nicht wie erwartet funktionieren.<\/p>\n\n\n\n<p class=\"has-custom-memetic-color has-text-color has-link-color has-medium-font-size wp-elements-945d1edea39ae9deeb30aa9af9af2412\">Personalisierte Werbung deaktivieren<\/p>\n\n\n\n<p class=\"has-small-font-size\">Wenn Sie ein Google Konto haben, k\u00f6nnen Sie auf der Seite https:\/\/adssettings.google.com\/authenticated personalisierte Werbung deaktivieren. Auch im Falle der Deaktivierung der Personalisierung von Anzeigen sehen Sie m\u00f6glicherweise weiterhin Anzeigen auf der Grundlage von Faktoren wie Ihrem ungef\u00e4hren Standort, der aus Ihrer IP-Adresse abgeleitet wird, dem Browsertyp sowie den k\u00fcrzlich verwendeten Suchbegriffen.<br><br>Welche Daten von Google erfasst werden und wof\u00fcr diese Daten verwendet werden, k\u00f6nnen Sie auf https:\/\/www.google.com\/intl\/de\/policies\/privacy\/ nachlesen.<\/p>\n\n\n\n<div style=\"height:12px\" aria-hidden=\"true\" class=\"wp-block-spacer\"><\/div>\n\n\n\n<div class=\"wp-block-group has-global-padding is-layout-constrained wp-container-core-group-is-layout-1 wp-block-group-is-layout-constrained\" style=\"min-height:0px;margin-top:0;margin-bottom:0;padding-top:0;padding-right:0;padding-bottom:0;padding-left:0\">\n<figure class=\"wp-block-image aligncenter size-large is-resized\"><img decoding=\"async\" src=\"https:\/\/www.memeticdesign.de\/wp-content\/uploads\/qrcontact.png\" alt=\"\" style=\"width:auto;height:120px\"\/><\/figure>\n<\/div>\n","protected":false},"excerpt":{"rendered":"<p>DSGVO: Wir sch\u00fctzen Ihre Daten! Betreiber der Seite memeticdesignRoland Pr\u00e4hoferHindenburgdamm 57D (GH,li.)12203 Berlin\u00a9 Roland Pr\u00e4hofer 2019 Datenschutz Wir haben diese Datenschutzerkl\u00e4rung (Fassung 11.07.2019-0001) verfasst, um Ihnen gem\u00e4\u00df der Vorgaben der Datenschutz-Grundverordnung (EU) 2016\/679 zu erkl\u00e4ren, welche Informationen wir sammeln, wie wir Daten verwenden und welche Entscheidungsm\u00f6glichkeiten Sie als Besucher dieser Webseite bzw. der App haben. [&hellip;]<\/p>\n","protected":false},"author":1,"featured_media":0,"parent":0,"menu_order":5,"comment_status":"closed","ping_status":"closed","template":"wp-custom-template-md-pages","meta":{"footnotes":""},"class_list":["post-681","page","type-page","status-publish","hentry"],"_links":{"self":[{"href":"https:\/\/www.memeticdesign.de\/index.php?rest_route=\/wp\/v2\/pages\/681","targetHints":{"allow":["GET"]}}],"collection":[{"href":"https:\/\/www.memeticdesign.de\/index.php?rest_route=\/wp\/v2\/pages"}],"about":[{"href":"https:\/\/www.memeticdesign.de\/index.php?rest_route=\/wp\/v2\/types\/page"}],"author":[{"embeddable":true,"href":"https:\/\/www.memeticdesign.de\/index.php?rest_route=\/wp\/v2\/users\/1"}],"replies":[{"embeddable":true,"href":"https:\/\/www.memeticdesign.de\/index.php?rest_route=%2Fwp%2Fv2%2Fcomments&post=681"}],"version-history":[{"count":12,"href":"https:\/\/www.memeticdesign.de\/index.php?rest_route=\/wp\/v2\/pages\/681\/revisions"}],"predecessor-version":[{"id":1449,"href":"https:\/\/www.memeticdesign.de\/index.php?rest_route=\/wp\/v2\/pages\/681\/revisions\/1449"}],"wp:attachment":[{"href":"https:\/\/www.memeticdesign.de\/index.php?rest_route=%2Fwp%2Fv2%2Fmedia&parent=681"}],"curies":[{"name":"wp","href":"https:\/\/api.w.org\/{rel}","templated":true}]}}