{"id":1074,"date":"2025-03-13T17:50:05","date_gmt":"2025-03-13T16:50:05","guid":{"rendered":"http:\/\/localhost\/?page_id=1074"},"modified":"2026-01-13T14:38:35","modified_gmt":"2026-01-13T13:38:35","slug":"md-home","status":"publish","type":"page","link":"https:\/\/www.memeticdesign.de\/","title":{"rendered":"MD Home"},"content":{"rendered":"\n<div class=\"wp-block-group has-global-padding is-layout-constrained wp-block-group-is-layout-constrained\" style=\"margin-top:0;margin-bottom:0;padding-top:0;padding-bottom:0\">\n<div class=\"wp-block-group hideOnMobile has-global-padding is-layout-constrained wp-block-group-is-layout-constrained\" style=\"margin-top:0;margin-bottom:0\">\n<div class=\"wp-block-columns roundedblock has-background is-nowrap is-layout-flex wp-container-core-columns-is-layout-1 wp-block-columns-is-layout-flex\" style=\"background-color:#334554;margin-top:0;margin-bottom:0;padding-top:0;padding-right:var(--wp--preset--spacing--30);padding-bottom:0;padding-left:var(--wp--preset--spacing--30)\">\n<div class=\"wp-block-column is-style-default has-base-color has-text-color has-link-color has-large-font-size wp-elements-bd8f23ba8fdfb724e16b45018f4680db is-layout-flow wp-block-column-is-layout-flow\" style=\"padding-top:var(--wp--preset--spacing--30);padding-bottom:var(--wp--preset--spacing--30);flex-basis:25%\">\n<div class=\"wp-block-group has-global-padding is-layout-constrained wp-container-core-group-is-layout-1 wp-block-group-is-layout-constrained\" style=\"margin-top:0;margin-bottom:0;padding-right:0;padding-left:0\">\n<h3 class=\"wp-block-heading is-style-default invisiblelink has-base-color has-text-color has-link-color wp-elements-eaaa522c7369ecd798fc8e0e9443a86b\"><a href=\"http:\/\/https\/\/www.memeticdesign.de\/?page_id=620\" data-type=\"page\" data-id=\"620\">On Set <br>Computing<\/a><\/h3>\n<\/div>\n<\/div>\n\n\n\n<div class=\"wp-block-column wp-container-content-1 is-layout-flow wp-block-column-is-layout-flow\" style=\"padding-top:5px;padding-bottom:5px;flex-basis:90%\">\n<figure class=\"wp-block-video invisiblelink\"><video autoplay loop muted src=\"https:\/\/www.memeticdesign.com\/wp-content\/uploads\/homepage_banner_700x234.mp4\" playsinline><\/video><\/figure>\n<\/div>\n<\/div>\n<\/div>\n\n\n\n<div class=\"wp-block-group hideOnDesktop has-global-padding is-layout-constrained wp-block-group-is-layout-constrained\" style=\"margin-top:0;margin-bottom:0;padding-top:0;padding-bottom:0\">\n<div class=\"wp-block-group roundedblock has-background is-vertical is-layout-flex wp-container-core-group-is-layout-5 wp-block-group-is-layout-flex\" style=\"background-color:#334554;margin-top:0;margin-bottom:0;padding-top:0\">\n<div class=\"wp-block-group has-global-padding is-layout-constrained wp-container-core-group-is-layout-3 wp-block-group-is-layout-constrained\" style=\"padding-top:var(--wp--preset--spacing--20);padding-right:var(--wp--preset--spacing--30);padding-bottom:var(--wp--preset--spacing--20);padding-left:var(--wp--preset--spacing--30)\">\n<h3 class=\"wp-block-heading is-style-default invisiblelink has-base-color has-text-color has-link-color wp-elements-087cb0e6eef1f7c8b499688f528ba430\"><a href=\"https:\/\/www.memeticdesign.de\/?page_id=620\">On Set Computing<\/a><\/h3>\n<\/div>\n\n\n\n<div class=\"wp-block-group has-global-padding is-layout-constrained wp-container-core-group-is-layout-4 wp-block-group-is-layout-constrained\" style=\"margin-bottom:var(--wp--preset--spacing--30);padding-right:5px;padding-left:5px\">\n<figure class=\"wp-block-video showMobileOnly\"><video autoplay loop muted src=\"https:\/\/www.memeticdesign.com\/wp-content\/uploads\/homepage_banner_700x234.mp4\" playsinline><\/video><\/figure>\n<\/div>\n<\/div>\n<\/div>\n<\/div>\n\n\n\n<div class=\"wp-block-columns is-layout-flex wp-container-core-columns-is-layout-2 wp-block-columns-is-layout-flex\" style=\"margin-top:var(--wp--preset--spacing--30);margin-bottom:var(--wp--preset--spacing--30)\">\n<div class=\"wp-block-column is-layout-flow wp-block-column-is-layout-flow\">\n<div class=\"wp-block-group is-vertical is-layout-flex wp-container-core-group-is-layout-10 wp-block-group-is-layout-flex\" style=\"margin-top:0;margin-bottom:0;padding-top:0;padding-bottom:0\">\n<div class=\"wp-block-group roundedblock has-accent-5-background-color has-background is-vertical is-layout-flex wp-container-core-group-is-layout-8 wp-block-group-is-layout-flex\" style=\"margin-top:0;padding-top:var(--wp--preset--spacing--30);padding-right:var(--wp--preset--spacing--30);padding-bottom:var(--wp--preset--spacing--30);padding-left:var(--wp--preset--spacing--30)\">\n<p class=\"is-style-default has-text-color has-link-color has-large-font-size wp-elements-19eeea29bd3565fd615de1f8f5876fb3\" style=\"color:#818080\">Requisite<\/p>\n\n\n\n<p>Wir bieten Services f\u00fcr Requisiteure, z.B. Close-Up-f\u00e4hige interaktive Animationen f\u00fcr Ihr Schauspieler-Handy bzw. Tablet. Wir verleihen vorkonfigurierte Ger\u00e4te oder stehen Ihnen f\u00fcr die Drehbetreuung zur Verf\u00fcgung. <\/p>\n<\/div>\n\n\n\n<div class=\"wp-block-group roundedblock has-background is-vertical is-layout-flex wp-container-core-group-is-layout-9 wp-block-group-is-layout-flex\" style=\"background-color:#fa9200;padding-top:var(--wp--preset--spacing--30);padding-right:var(--wp--preset--spacing--30);padding-bottom:var(--wp--preset--spacing--30);padding-left:var(--wp--preset--spacing--30)\">\n<p class=\"is-style-default has-base-color has-text-color has-link-color has-large-font-size wp-elements-ecc13492fef5a3eb183f9a6badeb1813\">Dev Support<\/p>\n\n\n\n<p class=\"has-base-color has-text-color has-link-color wp-elements-e456d71e905a660c21fc39cb95ffd07d\">Sie brauchen Unterst\u00fctzung bei Ihrem IT-Projekt? Frontend und Backend-Entwicklung mit Android, Kotlin, Java &amp; JS<\/p>\n<\/div>\n<\/div>\n<\/div>\n\n\n\n<div class=\"wp-block-column is-layout-flow wp-container-core-column-is-layout-4 wp-block-column-is-layout-flow\">\n<div class=\"wp-block-group is-vertical is-layout-flex wp-container-core-group-is-layout-13 wp-block-group-is-layout-flex\">\n<div class=\"wp-block-group roundedblock has-background is-vertical is-content-justification-left is-layout-flex wp-container-core-group-is-layout-12 wp-block-group-is-layout-flex\" style=\"background-color:#41505c;padding-top:var(--wp--preset--spacing--30);padding-right:var(--wp--preset--spacing--30);padding-bottom:var(--wp--preset--spacing--30);padding-left:var(--wp--preset--spacing--30)\">\n<div class=\"wp-block-group wp-container-content-3 is-content-justification-left is-nowrap is-layout-flex wp-container-core-group-is-layout-11 wp-block-group-is-layout-flex\" style=\"margin-top:0;margin-bottom:0;padding-right:0;padding-left:0\">\n<p class=\"has-text-align-left is-style-default invisiblelink has-base-color has-text-color has-link-color has-large-font-size wp-elements-d04199cb48d61ffbd9a587710f7b5bab\"><a href=\"https:\/\/www.memeticdesign.de\/?p=560#more-560\">Feature<\/a><\/p>\n<\/div>\n\n\n\n<figure class=\"wp-block-image size-large has-custom-border is-style-rounded\"><a href=\"https:\/\/www.memeticdesign.de\/?p=560#more-560\"><img decoding=\"async\" src=\"https:\/\/www.memeticdesign.com\/wp-content\/uploads\/cogito.jpg\" alt=\"\" style=\"border-radius:8px;object-fit:cover\"\/><\/a><\/figure>\n\n\n\n<p class=\"is-style-default invisiblelink has-base-color has-text-color has-link-color wp-elements-16a09272038eae7301d3a4a9ef644386\"><a href=\"https:\/\/www.memeticdesign.de\/?p=560#more-560\">F\u00fcr den Berliner Tatort &#8220;Dunkelfeld&#8221; um die Kommissare Nina Rubin (Meret Becker) und Robert Karow (Mark Waschke) haben wir dieses interaktive elektronische Requisit produziert.<\/a><\/p>\n<\/div>\n\n\n\n<div class=\"wp-block-cover alignleft roundedblock\" style=\"min-height:80px;aspect-ratio:unset;\"><span aria-hidden=\"true\" class=\"wp-block-cover__background has-background-dim-40 has-background-dim\"><\/span><img loading=\"lazy\" decoding=\"async\" width=\"674\" height=\"219\" class=\"wp-block-cover__image-background wp-image-1471\" alt=\"\" src=\"https:\/\/www.memeticdesign.de\/wp-content\/uploads\/taxsim_feature.png\" style=\"object-position:20% 20%\" data-object-fit=\"cover\" data-object-position=\"20% 20%\"\/><div class=\"wp-block-cover__inner-container has-global-padding is-layout-constrained wp-block-cover-is-layout-constrained\">\n<p class=\"has-text-align-center invisiblelink has-large-font-size\"><strong><a href=\"https:\/\/www.memeticdesign.de\/?page_id=1389\" data-type=\"page\" data-id=\"1389\">Ausbildung<\/a><\/strong><\/p>\n<\/div><\/div>\n<\/div>\n<\/div>\n<\/div>\n\n\n\n<div style=\"height:13px\" aria-hidden=\"true\" class=\"wp-block-spacer\"><\/div>\n\n\n\n<div class=\"wp-block-columns is-layout-flex wp-container-core-columns-is-layout-3 wp-block-columns-is-layout-flex\">\n<div class=\"wp-block-column is-layout-flow wp-block-column-is-layout-flow\">\n<div class=\"wp-block-group has-global-padding is-layout-constrained wp-block-group-is-layout-constrained\">\n<figure class=\"wp-block-image aligncenter size-large is-resized\"><img decoding=\"async\" src=\"https:\/\/www.memeticdesign.de\/wp-content\/uploads\/qrcontact.png\" alt=\"\" style=\"width:auto;height:120px\"\/><\/figure>\n<\/div>\n<\/div>\n\n\n\n<div class=\"wp-block-column is-vertically-aligned-center is-layout-flow wp-block-column-is-layout-flow\">\n<div class=\"wp-block-group has-global-padding is-layout-constrained wp-block-group-is-layout-constrained\">\n<div class=\"wp-block-group has-global-padding is-content-justification-left is-layout-constrained wp-container-core-group-is-layout-15 wp-block-group-is-layout-constrained\" style=\"border-radius:10px;padding-top:0;padding-right:0;padding-bottom:0;padding-left:0\">\n<figure class=\"wp-block-image aligncenter size-large is-resized\" style=\"margin-top:0;margin-right:0;margin-bottom:0;margin-left:0\"><a href=\"https:\/\/www.memeticdesign.de\/?page_id=688\" rel=\"https:\/\/www.memeticdesign.de\/?page_id=688\"><img decoding=\"async\" src=\"https:\/\/www.memeticdesign.de\/wp-content\/uploads\/ic_header.png\" alt=\"\" style=\"width:280px\"\/><\/a><\/figure>\n<\/div>\n<\/div>\n<\/div>\n<\/div>\n","protected":false},"excerpt":{"rendered":"","protected":false},"author":1,"featured_media":0,"parent":0,"menu_order":0,"comment_status":"closed","ping_status":"closed","template":"wp-custom-template-md-pages","meta":{"footnotes":""},"class_list":["post-1074","page","type-page","status-publish","hentry"],"_links":{"self":[{"href":"https:\/\/www.memeticdesign.de\/index.php?rest_route=\/wp\/v2\/pages\/1074","targetHints":{"allow":["GET"]}}],"collection":[{"href":"https:\/\/www.memeticdesign.de\/index.php?rest_route=\/wp\/v2\/pages"}],"about":[{"href":"https:\/\/www.memeticdesign.de\/index.php?rest_route=\/wp\/v2\/types\/page"}],"author":[{"embeddable":true,"href":"https:\/\/www.memeticdesign.de\/index.php?rest_route=\/wp\/v2\/users\/1"}],"replies":[{"embeddable":true,"href":"https:\/\/www.memeticdesign.de\/index.php?rest_route=%2Fwp%2Fv2%2Fcomments&post=1074"}],"version-history":[{"count":29,"href":"https:\/\/www.memeticdesign.de\/index.php?rest_route=\/wp\/v2\/pages\/1074\/revisions"}],"predecessor-version":[{"id":1485,"href":"https:\/\/www.memeticdesign.de\/index.php?rest_route=\/wp\/v2\/pages\/1074\/revisions\/1485"}],"wp:attachment":[{"href":"https:\/\/www.memeticdesign.de\/index.php?rest_route=%2Fwp%2Fv2%2Fmedia&parent=1074"}],"curies":[{"name":"wp","href":"https:\/\/api.w.org\/{rel}","templated":true}]}}